{"id":175,"date":"2019-07-06T22:03:04","date_gmt":"2019-07-06T21:03:04","guid":{"rendered":"http:\/\/test.turbom.org\/?page_id=175"},"modified":"2023-01-31T22:18:27","modified_gmt":"2023-01-31T21:18:27","slug":"triatlon","status":"publish","type":"page","link":"https:\/\/www.turbom.org\/index.php\/triatlon\/","title":{"rendered":"Triatlon"},"content":{"rendered":"\n<h2 class=\"wp-block-heading\"> Triatlon <\/h2>\n\n\n\n<p>Triatlonska sekcija \u0160D Turbo M  je bila ustanovljena 1.12.2017 in isto\u010dasno je bila uvrstena med \u010dlane TZS (Triatlonska Zveza Slovenije).<\/p>\n\n\n\n<figure class=\"wp-block-image size-large\"><img loading=\"lazy\" decoding=\"async\" width=\"1024\" height=\"683\" src=\"https:\/\/www.turbom.org\/wp-content\/uploads\/2023\/01\/2021_trubom_triatlon-1024x683.jpg\" alt=\"\" class=\"wp-image-2140\" srcset=\"https:\/\/www.turbom.org\/wp-content\/uploads\/2023\/01\/2021_trubom_triatlon-1024x683.jpg 1024w, https:\/\/www.turbom.org\/wp-content\/uploads\/2023\/01\/2021_trubom_triatlon-300x200.jpg 300w, https:\/\/www.turbom.org\/wp-content\/uploads\/2023\/01\/2021_trubom_triatlon-768x512.jpg 768w, https:\/\/www.turbom.org\/wp-content\/uploads\/2023\/01\/2021_trubom_triatlon-1536x1024.jpg 1536w, https:\/\/www.turbom.org\/wp-content\/uploads\/2023\/01\/2021_trubom_triatlon.jpg 1600w\" sizes=\"auto, (max-width: 767px) 89vw, (max-width: 1000px) 54vw, (max-width: 1071px) 543px, 580px\" \/><figcaption>2021 ekipa sekcije triatlon<\/figcaption><\/figure>\n\n\n\n<figure class=\"wp-block-image size-large\"><img loading=\"lazy\" decoding=\"async\" width=\"960\" height=\"821\" src=\"https:\/\/test.turbom.org\/wp-content\/uploads\/2019\/12\/2019_turbom_triatlon.jpg\" alt=\"\" class=\"wp-image-242\" srcset=\"https:\/\/www.turbom.org\/wp-content\/uploads\/2019\/12\/2019_turbom_triatlon.jpg 960w, https:\/\/www.turbom.org\/wp-content\/uploads\/2019\/12\/2019_turbom_triatlon-300x257.jpg 300w, https:\/\/www.turbom.org\/wp-content\/uploads\/2019\/12\/2019_turbom_triatlon-768x657.jpg 768w\" sizes=\"auto, (max-width: 767px) 89vw, (max-width: 1000px) 54vw, (max-width: 1071px) 543px, 580px\" \/><figcaption> 26.5.2019 ekipa sekcije triatlon<\/figcaption><\/figure>\n","protected":false},"excerpt":{"rendered":"<p>Triatlon Triatlonska sekcija \u0160D Turbo M je bila ustanovljena 1.12.2017 in isto\u010dasno je bila uvrstena med \u010dlane TZS (Triatlonska Zveza Slovenije).<\/p>\n","protected":false},"author":1,"featured_media":0,"parent":0,"menu_order":0,"comment_status":"closed","ping_status":"closed","template":"","meta":{"footnotes":""},"class_list":["post-175","page","type-page","status-publish","hentry"],"_links":{"self":[{"href":"https:\/\/www.turbom.org\/index.php\/wp-json\/wp\/v2\/pages\/175","targetHints":{"allow":["GET"]}}],"collection":[{"href":"https:\/\/www.turbom.org\/index.php\/wp-json\/wp\/v2\/pages"}],"about":[{"href":"https:\/\/www.turbom.org\/index.php\/wp-json\/wp\/v2\/types\/page"}],"author":[{"embeddable":true,"href":"https:\/\/www.turbom.org\/index.php\/wp-json\/wp\/v2\/users\/1"}],"replies":[{"embeddable":true,"href":"https:\/\/www.turbom.org\/index.php\/wp-json\/wp\/v2\/comments?post=175"}],"version-history":[{"count":11,"href":"https:\/\/www.turbom.org\/index.php\/wp-json\/wp\/v2\/pages\/175\/revisions"}],"predecessor-version":[{"id":2148,"href":"https:\/\/www.turbom.org\/index.php\/wp-json\/wp\/v2\/pages\/175\/revisions\/2148"}],"wp:attachment":[{"href":"https:\/\/www.turbom.org\/index.php\/wp-json\/wp\/v2\/media?parent=175"}],"curies":[{"name":"wp","href":"https:\/\/api.w.org\/{rel}","templated":true}]}}